{"id":997,"date":"2021-04-26T20:35:28","date_gmt":"2021-04-26T20:35:28","guid":{"rendered":"https:\/\/bslthemes.site\/tastyc\/?page_id=13"},"modified":"2025-09-12T21:51:12","modified_gmt":"2025-09-12T21:51:12","slug":"inicio","status":"publish","type":"page","link":"https:\/\/avogardencr.com\/en\/","title":{"rendered":"Home"},"content":{"rendered":"<div data-elementor-type=\"wp-page\" data-elementor-id=\"997\" class=\"elementor elementor-997\">\n\t\t\t\t\t\t<section class=\"elementor-section elementor-top-section elementor-element elementor-element-cf9ffeb elementor-section-boxed elementor-section-height-default elementor-section-height-default\" data-id=\"cf9ffeb\" data-element_type=\"section\" data-settings=\"{&quot;background_background&quot;:&quot;classic&quot;}\">\n\t\t\t\t\t\t<div class=\"elementor-container elementor-column-gap-default\">\n\t\t\t\t\t<div class=\"elementor-column elementor-col-100 elementor-top-column elementor-element elementor-element-0b85487\" data-id=\"0b85487\" data-element_type=\"column\">\n\t\t\t<div class=\"elementor-widget-wrap elementor-element-populated\">\n\t\t\t\t\t\t<div class=\"elementor-element elementor-element-ec4032f elementor-widget elementor-widget-tastyc-about-us\" data-id=\"ec4032f\" data-element_type=\"widget\" data-widget_type=\"tastyc-about-us.default\">\n\t\t\t\t<div class=\"elementor-widget-container\">\n\t\t\t\t\t\n\t\t<!-- container -->\n\t\t<div class=\"container\">\n\n\t\t<div class=\"row align-items-center flex-sm-row-reverse\">\n\n\t\t<div class=\"col-lg-6\">\n\n\t\t<!-- about text -->\n\t\t<div class=\"tst-mb-60\">\n\t\t  \t\t  <div class=\"tst-suptitle tst-mb-15\">\n\t\t  \t<span >\n\t\t\t\tAbout Us\t\t\t<\/span>\n\t\t  <\/div>\n\t\t  \t\t  \t\t  <h3 class=\"tst-title--h tst-mb-30\">\n\t\t  \t<span >\n\t\t\t\tWe invite you to<br>visit our <br>restaurant.\t\t\t<\/span>\n\t\t  <\/h3>\n\t\t  \t\t  \t\t  <div class=\"tst-text tst-mb-30\">\n\t\t  \t<div >\n\t\t\t  \t<p>Somos un restaurante en Escaz\u00fa que se esmera por dar lo mejor, porque mereces no menos que lo mejor. Con esa convicci\u00f3n ofrecemos una experiencia gastron\u00f3mica responsable, sostenible y por supuesto sexy, y que mejor manera que con el aguacate en \u201ctodos\u201d nuestros platos.<\/p>\t\t\t<\/div>\n\t\t  <\/div>\n\t\t  \t\t  \t\t  <a href=\"https:\/\/avogardencr.com\/en\/restaurante-en-escazu\/\" class=\"tst-btn tst-anima-link tst-mr-30\">\n\t\t  \t<span >\n\t\t\t\tRead More\t\t\t<\/span>\n\t\t  <\/a>\n\t\t  \t\t  \t\t  \t\t\t<a target=\"_blank\" href=\"https:\/\/facebook.com\/avogardencr\" class=\"tst-icon-link\" title=\"Facebook\">\n\t\t\t<i class=\"fab fa-facebook-f\" aria-hidden=\"true\"><\/i>\t\t\t<\/a>\n\t\t  \t\t\t<a target=\"_blank\" href=\"https:\/\/instagram.com\/avogardencr\" class=\"tst-icon-link\" title=\"Instagram\">\n\t\t\t<i class=\"fab fa-instagram\" aria-hidden=\"true\"><\/i>\t\t\t<\/a>\n\t\t  \t\t\t<a target=\"_blank\" href=\"https:\/\/www.waze.com\/en\/live-map\/directions\/avogarden-av.-araucarias-el-mestizo,-pla-san-rafael,-escazu?place=w.180813923.1807811554.22811539&#038;utm_campaign=waze_website&#038;utm_medium=website_menu&#038;utm_source=waze_website\" class=\"tst-icon-link\" title=\"Waze\">\n\t\t\t<i class=\"fab fa-waze\" aria-hidden=\"true\"><\/i>\t\t\t<\/a>\n\t\t  \t\t  \t\t<\/div>\n\t\t<!-- about text end -->\n\n\t\t<\/div>\n\n\t\t<div class=\"col-lg-6\">\n\n\t\t<!-- about video -->\n\t\t<div class=\"tst-about-cover tst-mb-60\">\n\t\t  \t\t  <img decoding=\"async\" src=\"https:\/\/avogardencr.com\/wp-content\/uploads\/2021\/12\/AVOCADO-950x950.jpg\" alt=\"Acerca de nosotros\" class=\"tst-cover\">\n\t\t  \t\t  <div class=\"tst-overlay\"><\/div>\n\t\t  \t\t<\/div>\n\t\t<!-- about video end -->\n\n\t\t<\/div>\n\n\t\t<\/div>\n\n\t\t<div class=\"tst-spacer tst-spacer-only-bottom-space\"><\/div>\n\n\t\t<\/div>\n\t\t<!-- container end -->\n\n\t\t\t\t\t\t<\/div>\n\t\t\t\t<\/div>\n\t\t\t\t\t<\/div>\n\t\t<\/div>\n\t\t\t\t\t<\/div>\n\t\t<\/section>\n\t\t\t\t<section class=\"elementor-section elementor-top-section elementor-element elementor-element-b25f3e9 elementor-section-full_width elementor-section-height-default elementor-section-height-default\" data-id=\"b25f3e9\" data-element_type=\"section\">\n\t\t\t\t\t\t<div class=\"elementor-container elementor-column-gap-no\">\n\t\t\t\t\t<div class=\"elementor-column elementor-col-100 elementor-top-column elementor-element elementor-element-0d32f37\" data-id=\"0d32f37\" data-element_type=\"column\">\n\t\t\t<div class=\"elementor-widget-wrap elementor-element-populated\">\n\t\t\t\t\t\t<div class=\"elementor-element elementor-element-381a595 elementor-widget elementor-widget-tastyc-cta\" data-id=\"381a595\" data-element_type=\"widget\" data-widget_type=\"tastyc-cta.default\">\n\t\t\t\t<div class=\"elementor-widget-container\">\n\t\t\t\t\t\t\t<div class=\"tst-content-frame--end tst-p-0-60\"><\/div>\n\n\t\t<!-- call to action -->\n\t    <div class=\"tst-call-to-action\">\n\t        <div class=\"container\">\n\n\t          <div class=\"row align-items-center\">\n\t            <div class=\"col-lg-6\">\n\t              <!-- text -->\n\t              <div class=\"tst-cta-frame\">\n\t                <div class=\"tst-cta\">\n\t                  \t                  <div class=\"tst-suptitle tst-suptitle-mobile-md-center tst-text-shadow tst-white-2 tst-mb-15 tst-fade-up\">\n\t                  \t<span >\n\t\t\t\t\t\t\tReservations\t\t\t\t\t\t<\/span>\n\t                  <\/div>\n\t                  \t                  \t                  <h2 class=\"tst-title--h tst-white-2 tst-text-shadow tst-mb-30 tst-fade-up\">\n\t                  \t<span >\n\t\t\t\t\t\t\tOne click to<br> get your reservation\t\t\t\t\t\t<\/span>\n\t                  <\/h2>\n\t                  \t                  \t                  <div class=\"tst-fade-up\">\n\t                    <div class=\"tst-text tst-text-lg tst-text-shadow tst-white-2\">\n\t                    \t<div >\n\t\t\t\t\t\t\t  \t<p>Ahora, reservar tu mesa es m\u00e1s f\u00e1cil que nunca. Con solo un click, asegur\u00e1s tu espacio para vivir momentos inolvidables en un entorno acogedor y lleno de buena energ\u00eda. No dejes pasar la oportunidad de consentirte y disfrutar de lo mejor que tenemos para ofrecerte.<br data-start=\"900\" data-end=\"903\" \/>\u00a1Reserv\u00e1 hoy y dejate sorprender!<\/p>\t\t\t\t\t\t\t<\/div>\n\t                    <\/div>\n\t                  <\/div>\n\t                  \t                  \t                  <a href=\"https:\/\/wa.me\/+50688791747\" class=\"tst-btn tst-btn-lg tst-btn-shadow tst-mt-30 tst-fade-up\">\n\t                  \t\t                  \t<span >\n\t\t\t\t\t\t\tReservation\t\t\t\t\t\t<\/span>\n\t                  <\/a>\n\t                  \t                  \t                <\/div>\n\t              <\/div>\n\t              <!-- text end -->\n\n\t            <\/div>\n\t            <div class=\"col-lg-6\">\n\t              \t              <!-- image -->\n\t              <img decoding=\"async\" src=\"https:\/\/avogardencr.com\/wp-content\/uploads\/2025\/04\/Logo-Avogarden-blanco-1-950x534.png\" alt=\"\" class=\"tst-cta-image tst-fade-up\">\n\t              <!-- image end -->\n\t              \t            <\/div>\n\t          <\/div>\n\t        <\/div>\n\t    <\/div>\n\t    <!-- call to action end -->\n\n\t    <div class=\"tst-content-frame--start tst-p-60-0\"><\/div>\n\n\t\t\t\t\t\t<\/div>\n\t\t\t\t<\/div>\n\t\t\t\t\t<\/div>\n\t\t<\/div>\n\t\t\t\t\t<\/div>\n\t\t<\/section>\n\t\t\t\t<section class=\"elementor-section elementor-top-section elementor-element elementor-element-cd1df1b elementor-section-boxed elementor-section-height-default elementor-section-height-default\" data-id=\"cd1df1b\" data-element_type=\"section\">\n\t\t\t\t\t\t<div class=\"elementor-container elementor-column-gap-default\">\n\t\t\t\t\t<div class=\"elementor-column elementor-col-100 elementor-top-column elementor-element elementor-element-1a0e8d2\" data-id=\"1a0e8d2\" data-element_type=\"column\">\n\t\t\t<div class=\"elementor-widget-wrap\">\n\t\t\t\t\t\t\t<\/div>\n\t\t<\/div>\n\t\t\t\t\t<\/div>\n\t\t<\/section>\n\t\t\t\t<section class=\"elementor-section elementor-top-section elementor-element elementor-element-034dddb elementor-section-full_width elementor-section-height-default elementor-section-height-default\" data-id=\"034dddb\" data-element_type=\"section\">\n\t\t\t\t\t\t<div class=\"elementor-container elementor-column-gap-default\">\n\t\t\t\t\t<div class=\"elementor-column elementor-col-100 elementor-top-column elementor-element elementor-element-be091eb\" data-id=\"be091eb\" data-element_type=\"column\">\n\t\t\t<div class=\"elementor-widget-wrap elementor-element-populated\">\n\t\t\t\t\t\t<div class=\"elementor-element elementor-element-ae315c1 elementor-widget elementor-widget-tastyc-schedule\" data-id=\"ae315c1\" data-element_type=\"widget\" data-widget_type=\"tastyc-schedule.default\">\n\t\t\t\t<div class=\"elementor-widget-container\">\n\t\t\t\t\t\n\t\t<!-- container -->\n\t\t<div class=\"container\">\n\n\t\t<!-- banner sm -->\n        <div class=\"tst-banner-sm\">\n\n          <div class=\"tst-cover-frame\">\n          \t            <img decoding=\"async\" src=\"https:\/\/avogardencr.com\/wp-content\/uploads\/2021\/11\/Avoburger-de-pollo-scaled.jpg\" alt=\"\" class=\"tst-cover\">\n                        <div class=\"tst-overlay\"><\/div>\n          <\/div>\n\n          <div class=\"row align-items-center\">\n\n            <div class=\"col-lg-8\">\n\n              <div class=\"tst-text-frame\">\n              \t                <div class=\"tst-suptitle tst-suptitle-mobile-center tst-white-2 tst-mb-15\">\n                \t<span >\n\t\t\t          \tSchedule\t\t\t        <\/span>\n                <\/div>\n                                                <h2 class=\"tst-title--h tst-white-2 tst-mb-30\">\n                \t<span >\n\t\t\t          \tOpen\t\t\t        <\/span>\n                <\/h2>\n                                                                <div class=\"tst-btn-mobile\">\n                                                      <a href=\"\/en\/tastyc\/contact\/\" class=\"tst-label tst-white-2\">\n                  \t<span >\n\t\t\t          \tContact us\t\t\t        <\/span>\n                  <\/a>\n                                  <\/div>\n                              <\/div>\n\n            <\/div>\n            <div class=\"col-lg-4\">\n\n              <div class=\"tst-wh-frame\">\n              \t\n              \t\t\t\t\t                <div class=\"tst-wh-time tst-mb-30\">\n                                    <div class=\"tst-label tst-mb-15\">\n                  \t<span >\n\t\t\t          Monday to thursday\t\t\t        <\/span>\n                  <\/div>\n                                                      <div class=\"h5\">\n                  <span >\n\t\t        \t08\t\t          <\/span>\n                  <span class=\"tst-color\">:<\/span> \n              \t  <span >\n\t\t        \t00\t\t          <\/span>\n              \t  <\/div>\n                                                      <div class=\"h5\">\n                  <span >\n\t\t        \t21\t\t          <\/span>\n                  <span class=\"tst-color\">:<\/span> \n              \t  <span >\n\t\t        \t00\t\t          <\/span>\n                  <\/div>\n                                  <\/div>\n                                <div class=\"tst-wh-time tst-mb-30\">\n                                    <div class=\"tst-label tst-mb-15\">\n                  \t<span >\n\t\t\t          FRIDAY\t\t\t        <\/span>\n                  <\/div>\n                                                      <div class=\"h5\">\n                  <span >\n\t\t        \t08\t\t          <\/span>\n                  <span class=\"tst-color\">:<\/span> \n              \t  <span >\n\t\t        \t00\t\t          <\/span>\n              \t  <\/div>\n                                                      <div class=\"h5\">\n                  <span >\n\t\t        \t22\t\t          <\/span>\n                  <span class=\"tst-color\">:<\/span> \n              \t  <span >\n\t\t        \t00\t\t          <\/span>\n                  <\/div>\n                                  <\/div>\n                                <div class=\"tst-wh-time tst-mb-30\">\n                                    <div class=\"tst-label tst-mb-15\">\n                  \t<span >\n\t\t\t          SATURDAY\t\t\t        <\/span>\n                  <\/div>\n                                                      <div class=\"h5\">\n                  <span >\n\t\t        \t08\t\t          <\/span>\n                  <span class=\"tst-color\">:<\/span> \n              \t  <span >\n\t\t        \t00\t\t          <\/span>\n              \t  <\/div>\n                                                      <div class=\"h5\">\n                  <span >\n\t\t        \t22\t\t          <\/span>\n                  <span class=\"tst-color\">:<\/span> \n              \t  <span >\n\t\t        \t00\t\t          <\/span>\n                  <\/div>\n                                  <\/div>\n                                <div class=\"tst-wh-time tst-mb-30\">\n                                    <div class=\"tst-label tst-mb-15\">\n                  \t<span >\n\t\t\t          Sunday\t\t\t        <\/span>\n                  <\/div>\n                                                      <div class=\"h5\">\n                  <span >\n\t\t        \t08\t\t          <\/span>\n                  <span class=\"tst-color\">:<\/span> \n              \t  <span >\n\t\t        \t00\t\t          <\/span>\n              \t  <\/div>\n                                                      <div class=\"h5\">\n                  <span >\n\t\t        \t20\t\t          <\/span>\n                  <span class=\"tst-color\">:<\/span> \n              \t  <span >\n\t\t        \t00\t\t          <\/span>\n                  <\/div>\n                                  <\/div>\n                          \t\t\n              <\/div>\n\n            <\/div>\n          <\/div>\n\n        <\/div>\n        <!-- banner sm end -->\n\n        <div class=\"tst-spacer\"><\/div>\n\n\t\t<\/div>\n\t\t<!-- container end -->\n\n\t\t\t\t\t\t<\/div>\n\t\t\t\t<\/div>\n\t\t\t\t\t<\/div>\n\t\t<\/div>\n\t\t\t\t\t<\/div>\n\t\t<\/section>\n\t\t\t\t<section class=\"elementor-section elementor-top-section elementor-element elementor-element-de3a048 elementor-section-boxed elementor-section-height-default elementor-section-height-default\" data-id=\"de3a048\" data-element_type=\"section\">\n\t\t\t\t\t\t<div class=\"elementor-container elementor-column-gap-default\">\n\t\t\t\t\t<div class=\"elementor-column elementor-col-100 elementor-top-column elementor-element elementor-element-50fe5fa\" data-id=\"50fe5fa\" data-element_type=\"column\">\n\t\t\t<div class=\"elementor-widget-wrap elementor-element-populated\">\n\t\t\t\t\t\t<div class=\"elementor-element elementor-element-b814f8a elementor-widget elementor-widget-tastyc-services-grid\" data-id=\"b814f8a\" data-element_type=\"widget\" id=\"catering\" data-widget_type=\"tastyc-services-grid.default\">\n\t\t\t\t<div class=\"elementor-widget-container\">\n\t\t\t\t\t\n\t\t<!-- container -->\n\t\t<div class=\"container\">\n\n\t\t<div class=\"row tst-mb-60\">\n\t\t  \n          \t\t            <div class=\"col-lg-12\">\n\n            <!-- services box -->\n            <div class=\"tst-services-box\">\n                            <div class=\"image\"><img decoding=\"async\" src=\"https:\/\/avogardencr.com\/wp-content\/uploads\/2021\/12\/Treehouse-950x950.png\" alt=\"\" \/><\/div>\n                            <div class=\"desc\">\n                            <div class=\"tst-suptitle tst-mb-15\">\n              \t<span >\n\t        \t\tExclusive service\t        \t<\/span>\n              <\/div>\n                                          <h4 class=\"tst-mb-30\">\n              \t<span >\n\t        \t\tCatering Service\t        \t<\/span>\n              <\/h4>\n                                          <div class=\"tst-text\">\n              \t<div >\n\t        \t\t<p>En AvoGarden, llevamos nuestra pasi\u00f3n por la cocina saludable y deliciosa directamente a tu evento. Nuestro servicio de catering personalizado en Escaz\u00fa y alrededores combina ingredientes frescos, opciones nutritivas y un enfoque gourmet que se adapta a todo tipo de ocasi\u00f3n: desde reuniones corporativas hasta celebraciones \u00edntimas.<\/p><p>Ya sea que est\u00e9s buscando un men\u00fa keto, plant-based, sin gluten o simplemente platos balanceados y llenos de sabor, nuestro equipo dise\u00f1a experiencias culinarias \u00fanicas que sorprenden y deleitan. Nos especializamos en ofrecer platillos elaborados con superfoods, vegetales org\u00e1nicos, prote\u00ednas de alta calidad y, por supuesto, el aguacate como estrella en muchas de nuestras creaciones.<\/p><p>AvoGarden Catering: elegancia, salud y sabor en cada bocado.<\/p>\t        \t<\/div>\n              <\/div>\n                                          <div class=\"bts\">\n              <a href=\"\/en\/tastyc\/contact\/\" class=\"tst-btn tst-btn-shadow tst-mt-30\">\n              \t<span >\n\t\t\t\t\tContact\t\t\t\t<\/span>\n              <\/a>\n              <\/div>\n                        \t  <\/div>\n            <\/div>\n            <!-- services box end -->\n\n          <\/div>\n                    \n        <\/div>\n\n        <div class=\"tst-spacer tst-spacer-only-bottom-space\"><\/div>\n\n\t\t<\/div>\n\t\t<!-- container end -->\n\n\t\t\t\t\t\t<\/div>\n\t\t\t\t<\/div>\n\t\t\t\t\t<\/div>\n\t\t<\/div>\n\t\t\t\t\t<\/div>\n\t\t<\/section>\n\t\t\t\t<\/div>","protected":false},"excerpt":{"rendered":"<p>Acerca de nosotros Te invitamos avisitar nuestro restaurante. Somos un restaurante en Escaz\u00fa que se esmera por dar lo mejor,&#8230; <span class=\"tst-el-more\"><a href=\"https:\/\/avogardencr.com\/en\/\" class=\"tst-label tst-color tst-anima-link\">Read more<\/a><\/span><\/p>","protected":false},"author":1,"featured_media":0,"parent":0,"menu_order":0,"comment_status":"closed","ping_status":"closed","template":"template-layout-builder.php","meta":{"_joinchat":[],"footnotes":""},"class_list":["post-997","page","type-page","status-publish","hentry"],"acf":[],"yoast_head":"<!-- This site is optimized with the Yoast SEO plugin v25.9 - https:\/\/yoast.com\/wordpress\/plugins\/seo\/ -->\n<title>Restaurante en Escaz\u00fa | AvoGarden<\/title>\n<meta name=\"description\" content=\"Somos un restaurante en escaz\u00fa que se esmera por dar lo mejor, porque mereces no menos que lo mejor. Con esa convicci\u00f3n ofrecemos\" \/>\n<meta name=\"robots\" content=\"index, follow, max-snippet:-1, max-image-preview:large, max-video-preview:-1\" \/>\n<link rel=\"canonical\" href=\"https:\/\/avogardencr.com\/en\/\" \/>\n<meta property=\"og:locale\" content=\"en_US\" \/>\n<meta property=\"og:type\" content=\"article\" \/>\n<meta property=\"og:title\" content=\"Restaurante en Escaz\u00fa | AvoGarden\" \/>\n<meta property=\"og:description\" content=\"Somos un restaurante en escaz\u00fa que se esmera por dar lo mejor, porque mereces no menos que lo mejor. Con esa convicci\u00f3n ofrecemos\" \/>\n<meta property=\"og:url\" content=\"https:\/\/avogardencr.com\/en\/\" \/>\n<meta property=\"og:site_name\" content=\"AvoGarden\" \/>\n<meta property=\"article:modified_time\" content=\"2025-09-12T21:51:12+00:00\" \/>\n<meta property=\"og:image\" content=\"https:\/\/avogardencr.com\/wp-content\/uploads\/2021\/12\/AVOCADO-950x950.jpg\" \/>\n<meta name=\"twitter:card\" content=\"summary_large_image\" \/>\n<meta name=\"twitter:label1\" content=\"Est. reading time\" \/>\n\t<meta name=\"twitter:data1\" content=\"2 minutes\" \/>\n<script type=\"application\/ld+json\" class=\"yoast-schema-graph\">{\"@context\":\"https:\/\/schema.org\",\"@graph\":[{\"@type\":\"WebPage\",\"@id\":\"https:\/\/avogardencr.com\/\",\"url\":\"https:\/\/avogardencr.com\/\",\"name\":\"Restaurante en Escaz\u00fa | AvoGarden\",\"isPartOf\":{\"@id\":\"https:\/\/avogardencr.com\/#website\"},\"primaryImageOfPage\":{\"@id\":\"https:\/\/avogardencr.com\/#primaryimage\"},\"image\":{\"@id\":\"https:\/\/avogardencr.com\/#primaryimage\"},\"thumbnailUrl\":\"https:\/\/avogardencr.com\/wp-content\/uploads\/2021\/12\/AVOCADO-950x950.jpg\",\"datePublished\":\"2021-04-26T20:35:28+00:00\",\"dateModified\":\"2025-09-12T21:51:12+00:00\",\"description\":\"Somos un restaurante en escaz\u00fa que se esmera por dar lo mejor, porque mereces no menos que lo mejor. Con esa convicci\u00f3n ofrecemos\",\"breadcrumb\":{\"@id\":\"https:\/\/avogardencr.com\/#breadcrumb\"},\"inLanguage\":\"en-US\",\"potentialAction\":[{\"@type\":\"ReadAction\",\"target\":[\"https:\/\/avogardencr.com\/\"]}]},{\"@type\":\"ImageObject\",\"inLanguage\":\"en-US\",\"@id\":\"https:\/\/avogardencr.com\/#primaryimage\",\"url\":\"https:\/\/avogardencr.com\/wp-content\/uploads\/2021\/12\/AVOCADO-950x950.jpg\",\"contentUrl\":\"https:\/\/avogardencr.com\/wp-content\/uploads\/2021\/12\/AVOCADO-950x950.jpg\"},{\"@type\":\"BreadcrumbList\",\"@id\":\"https:\/\/avogardencr.com\/#breadcrumb\",\"itemListElement\":[{\"@type\":\"ListItem\",\"position\":1,\"name\":\"Home\",\"item\":\"https:\/\/avogardencr.com\/\"},{\"@type\":\"ListItem\",\"position\":2,\"name\":\"Inicio\"}]},{\"@type\":\"WebSite\",\"@id\":\"https:\/\/avogardencr.com\/#website\",\"url\":\"https:\/\/avogardencr.com\/\",\"name\":\"AvoGarden\",\"description\":\"\",\"potentialAction\":[{\"@type\":\"SearchAction\",\"target\":{\"@type\":\"EntryPoint\",\"urlTemplate\":\"https:\/\/avogardencr.com\/?s={search_term_string}\"},\"query-input\":{\"@type\":\"PropertyValueSpecification\",\"valueRequired\":true,\"valueName\":\"search_term_string\"}}],\"inLanguage\":\"en-US\"}]}<\/script>\n<!-- \/ Yoast SEO plugin. -->","yoast_head_json":{"title":"Restaurante en Escaz\u00fa | AvoGarden","description":"Somos un restaurante en escaz\u00fa que se esmera por dar lo mejor, porque mereces no menos que lo mejor. Con esa convicci\u00f3n ofrecemos","robots":{"index":"index","follow":"follow","max-snippet":"max-snippet:-1","max-image-preview":"max-image-preview:large","max-video-preview":"max-video-preview:-1"},"canonical":"https:\/\/avogardencr.com\/en\/","og_locale":"en_US","og_type":"article","og_title":"Restaurante en Escaz\u00fa | AvoGarden","og_description":"Somos un restaurante en escaz\u00fa que se esmera por dar lo mejor, porque mereces no menos que lo mejor. Con esa convicci\u00f3n ofrecemos","og_url":"https:\/\/avogardencr.com\/en\/","og_site_name":"AvoGarden","article_modified_time":"2025-09-12T21:51:12+00:00","og_image":[{"url":"https:\/\/avogardencr.com\/wp-content\/uploads\/2021\/12\/AVOCADO-950x950.jpg","type":"","width":"","height":""}],"twitter_card":"summary_large_image","twitter_misc":{"Est. reading time":"2 minutes"},"schema":{"@context":"https:\/\/schema.org","@graph":[{"@type":"WebPage","@id":"https:\/\/avogardencr.com\/","url":"https:\/\/avogardencr.com\/","name":"Restaurante en Escaz\u00fa | AvoGarden","isPartOf":{"@id":"https:\/\/avogardencr.com\/#website"},"primaryImageOfPage":{"@id":"https:\/\/avogardencr.com\/#primaryimage"},"image":{"@id":"https:\/\/avogardencr.com\/#primaryimage"},"thumbnailUrl":"https:\/\/avogardencr.com\/wp-content\/uploads\/2021\/12\/AVOCADO-950x950.jpg","datePublished":"2021-04-26T20:35:28+00:00","dateModified":"2025-09-12T21:51:12+00:00","description":"Somos un restaurante en escaz\u00fa que se esmera por dar lo mejor, porque mereces no menos que lo mejor. Con esa convicci\u00f3n ofrecemos","breadcrumb":{"@id":"https:\/\/avogardencr.com\/#breadcrumb"},"inLanguage":"en-US","potentialAction":[{"@type":"ReadAction","target":["https:\/\/avogardencr.com\/"]}]},{"@type":"ImageObject","inLanguage":"en-US","@id":"https:\/\/avogardencr.com\/#primaryimage","url":"https:\/\/avogardencr.com\/wp-content\/uploads\/2021\/12\/AVOCADO-950x950.jpg","contentUrl":"https:\/\/avogardencr.com\/wp-content\/uploads\/2021\/12\/AVOCADO-950x950.jpg"},{"@type":"BreadcrumbList","@id":"https:\/\/avogardencr.com\/#breadcrumb","itemListElement":[{"@type":"ListItem","position":1,"name":"Home","item":"https:\/\/avogardencr.com\/"},{"@type":"ListItem","position":2,"name":"Inicio"}]},{"@type":"WebSite","@id":"https:\/\/avogardencr.com\/#website","url":"https:\/\/avogardencr.com\/","name":"AvoGarden","description":"","potentialAction":[{"@type":"SearchAction","target":{"@type":"EntryPoint","urlTemplate":"https:\/\/avogardencr.com\/?s={search_term_string}"},"query-input":{"@type":"PropertyValueSpecification","valueRequired":true,"valueName":"search_term_string"}}],"inLanguage":"en-US"}]}},"_links":{"self":[{"href":"https:\/\/avogardencr.com\/en\/wp-json\/wp\/v2\/pages\/997","targetHints":{"allow":["GET"]}}],"collection":[{"href":"https:\/\/avogardencr.com\/en\/wp-json\/wp\/v2\/pages"}],"about":[{"href":"https:\/\/avogardencr.com\/en\/wp-json\/wp\/v2\/types\/page"}],"author":[{"embeddable":true,"href":"https:\/\/avogardencr.com\/en\/wp-json\/wp\/v2\/users\/1"}],"replies":[{"embeddable":true,"href":"https:\/\/avogardencr.com\/en\/wp-json\/wp\/v2\/comments?post=997"}],"version-history":[{"count":236,"href":"https:\/\/avogardencr.com\/en\/wp-json\/wp\/v2\/pages\/997\/revisions"}],"predecessor-version":[{"id":3006,"href":"https:\/\/avogardencr.com\/en\/wp-json\/wp\/v2\/pages\/997\/revisions\/3006"}],"wp:attachment":[{"href":"https:\/\/avogardencr.com\/en\/wp-json\/wp\/v2\/media?parent=997"}],"curies":[{"name":"wp","href":"https:\/\/api.w.org\/{rel}","templated":true}]}}