{"id":624,"date":"2021-05-06T09:17:43","date_gmt":"2021-05-06T09:17:43","guid":{"rendered":"https:\/\/bslthemes.site\/tastyc\/?page_id=624"},"modified":"2025-09-12T21:46:46","modified_gmt":"2025-09-12T21:46:46","slug":"contact","status":"publish","type":"page","link":"https:\/\/avogardencr.com\/en\/contact\/","title":{"rendered":"Contact"},"content":{"rendered":"<div data-elementor-type=\"wp-page\" data-elementor-id=\"624\" class=\"elementor elementor-624\">\n\t\t\t\t\t\t<section class=\"elementor-section elementor-top-section elementor-element elementor-element-db94581 elementor-section-full_width elementor-section-height-default elementor-section-height-default\" data-id=\"db94581\" data-element_type=\"section\">\n\t\t\t\t\t\t<div class=\"elementor-container elementor-column-gap-no\">\n\t\t\t\t\t<div class=\"elementor-column elementor-col-100 elementor-top-column elementor-element elementor-element-c1160d2\" data-id=\"c1160d2\" data-element_type=\"column\">\n\t\t\t<div class=\"elementor-widget-wrap elementor-element-populated\">\n\t\t\t\t\t\t<div class=\"elementor-element elementor-element-ac1b8dc elementor-widget elementor-widget-tastyc-contact-form\" data-id=\"ac1b8dc\" data-element_type=\"widget\" data-widget_type=\"tastyc-contact-form.default\">\n\t\t\t\t<div class=\"elementor-widget-container\">\n\t\t\t\t\t\n\t\t<!-- container -->\n\t\t<div class=\"container\">\n\n\t\t\t<div class=\"row\">\n\n\t\t\t                <div class=\"col-lg-12\">\n                <!-- title -->\n                <div class=\"text-center\">\n                                    <div class=\"tst-suptitle tst-suptitle-center tst-mb-15\">\n                  \t<span >\n\t\t\t          \tContact\t\t\t        <\/span>\n                  <\/div>\n                                                      <h3 class=\"tst-title--h tst-mb-30\">\n                  \t<span >\n\t\t\t          \tWrite us your message\t\t\t        <\/span>\n                  <\/h3>\n                                                    <\/div>\n                <!-- title end -->\n              <\/div>\n          \t  \n          \t                <div class=\"col-lg-12\">\n                \n<div class=\"wpcf7 no-js\" id=\"wpcf7-f669-o1\" lang=\"en-US\" dir=\"ltr\" data-wpcf7-id=\"669\">\n<div class=\"screen-reader-response\"><p role=\"status\" aria-live=\"polite\" aria-atomic=\"true\"><\/p> <ul><\/ul><\/div>\n<form action=\"\/en\/wp-json\/wp\/v2\/pages\/624#wpcf7-f669-o1\" method=\"post\" class=\"wpcf7-form init\" aria-label=\"Contact form\" novalidate=\"novalidate\" data-status=\"init\" data-trp-original-action=\"\/en\/wp-json\/wp\/v2\/pages\/624#wpcf7-f669-o1\">\n<fieldset class=\"hidden-fields-container\"><input type=\"hidden\" name=\"_wpcf7\" value=\"669\" \/><input type=\"hidden\" name=\"_wpcf7_version\" value=\"6.1.1\" \/><input type=\"hidden\" name=\"_wpcf7_locale\" value=\"en_US\" \/><input type=\"hidden\" name=\"_wpcf7_unit_tag\" value=\"wpcf7-f669-o1\" \/><input type=\"hidden\" name=\"_wpcf7_container_post\" value=\"0\" \/><input type=\"hidden\" name=\"_wpcf7_posted_data_hash\" value=\"\" \/>\n<\/fieldset>\n<div class=\"text-center\">\n <div class=\"row\">\n  <div class=\"col-lg-6\">\n   <span class=\"wpcf7-form-control-wrap\" data-name=\"cf_firstname\"><input size=\"40\" maxlength=\"400\" class=\"wpcf7-form-control wpcf7-text wpcf7-validates-as-required\" aria-required=\"true\" aria-invalid=\"false\" placeholder=\"Name\" value=\"\" type=\"text\" name=\"cf_firstname\" \/><\/span>\n  <\/div>\n  <div class=\"col-lg-6\">\n   <span class=\"wpcf7-form-control-wrap\" data-name=\"cf_lastname\"><input size=\"40\" maxlength=\"400\" class=\"wpcf7-form-control wpcf7-text wpcf7-validates-as-required\" aria-required=\"true\" aria-invalid=\"false\" placeholder=\"Last name\" value=\"\" type=\"text\" name=\"cf_lastname\" \/><\/span>\n  <\/div>\n  <div class=\"col-lg-6\">\n   <span class=\"wpcf7-form-control-wrap\" data-name=\"cf_phone\"><input size=\"40\" maxlength=\"400\" class=\"wpcf7-form-control wpcf7-tel wpcf7-validates-as-required wpcf7-text wpcf7-validates-as-tel\" aria-required=\"true\" aria-invalid=\"false\" placeholder=\"Phone\" value=\"\" type=\"tel\" name=\"cf_phone\" \/><\/span>\n  <\/div>\n  <div class=\"col-lg-6\">\n   <span class=\"wpcf7-form-control-wrap\" data-name=\"cf_email\"><input size=\"40\" maxlength=\"400\" class=\"wpcf7-form-control wpcf7-email wpcf7-validates-as-required wpcf7-text wpcf7-validates-as-email\" aria-required=\"true\" aria-invalid=\"false\" placeholder=\"Email\" value=\"\" type=\"email\" name=\"cf_email\" \/><\/span>\n  <\/div>\n  <div class=\"col-lg-12\">\n   <span class=\"wpcf7-form-control-wrap\" data-name=\"cf_text\"><textarea cols=\"40\" rows=\"10\" maxlength=\"2000\" class=\"wpcf7-form-control wpcf7-textarea wpcf7-validates-as-required\" aria-required=\"true\" aria-invalid=\"false\" placeholder=\"Message\" name=\"cf_text\"><\/textarea><\/span>\n  <\/div>\n <\/div>\n <button class=\"tst-btn\" type=\"submit\" name=\"button\">Send message<\/button>\n<\/div><div class=\"wpcf7-response-output\" aria-hidden=\"true\"><\/div>\n<input type=\"hidden\" name=\"trp-form-language\" value=\"en\"\/><\/form>\n<\/div>\n              <\/div>\n              \n            <\/div>\n\n        <\/div>\n\n\t\t<!-- container end -->\t\t\t\n\n\t\t\t\t\t\t<\/div>\n\t\t\t\t<\/div>\n\t\t\t\t\t<\/div>\n\t\t<\/div>\n\t\t\t\t\t<\/div>\n\t\t<\/section>\n\t\t\t\t<\/div>","protected":false},"excerpt":{"rendered":"<p>Contacto Escr\u00edbanos su mensaje Send a message<\/p>","protected":false},"author":1,"featured_media":0,"parent":0,"menu_order":0,"comment_status":"closed","ping_status":"closed","template":"template-layout-builder.php","meta":{"_joinchat":[],"footnotes":""},"class_list":["post-624","page","type-page","status-publish","hentry"],"acf":[],"yoast_head":"<!-- This site is optimized with the Yoast SEO plugin v25.9 - https:\/\/yoast.com\/wordpress\/plugins\/seo\/ -->\n<title>Contacto | Restaurante en Escaz\u00fa | Avogarden Costa Rica<\/title>\n<meta name=\"description\" content=\"Contact\u00e1 a Avogarden, restaurante en Escaz\u00fa. Reserv\u00e1 por WhatsApp, llamanos o visitanos en Plaza Tempo. Comida saludable, deliciosa.\" \/>\n<meta name=\"robots\" content=\"index, follow, max-snippet:-1, max-image-preview:large, max-video-preview:-1\" \/>\n<link rel=\"canonical\" href=\"https:\/\/avogardencr.com\/en\/contact\/\" \/>\n<meta property=\"og:locale\" content=\"en_US\" \/>\n<meta property=\"og:type\" content=\"article\" \/>\n<meta property=\"og:title\" content=\"Contacto | Restaurante en Escaz\u00fa | Avogarden Costa Rica\" \/>\n<meta property=\"og:description\" content=\"Contact\u00e1 a Avogarden, restaurante en Escaz\u00fa. Reserv\u00e1 por WhatsApp, llamanos o visitanos en Plaza Tempo. Comida saludable, deliciosa.\" \/>\n<meta property=\"og:url\" content=\"https:\/\/avogardencr.com\/en\/contact\/\" \/>\n<meta property=\"og:site_name\" content=\"AvoGarden\" \/>\n<meta property=\"article:modified_time\" content=\"2025-09-12T21:46:46+00:00\" \/>\n<meta name=\"twitter:card\" content=\"summary_large_image\" \/>\n<meta name=\"twitter:label1\" content=\"Est. reading time\" \/>\n\t<meta name=\"twitter:data1\" content=\"1 minute\" \/>\n<script type=\"application\/ld+json\" class=\"yoast-schema-graph\">{\"@context\":\"https:\/\/schema.org\",\"@graph\":[{\"@type\":\"WebPage\",\"@id\":\"https:\/\/avogardencr.com\/contact\/\",\"url\":\"https:\/\/avogardencr.com\/contact\/\",\"name\":\"Contacto | Restaurante en Escaz\u00fa | Avogarden Costa Rica\",\"isPartOf\":{\"@id\":\"https:\/\/avogardencr.com\/#website\"},\"datePublished\":\"2021-05-06T09:17:43+00:00\",\"dateModified\":\"2025-09-12T21:46:46+00:00\",\"description\":\"Contact\u00e1 a Avogarden, restaurante en Escaz\u00fa. Reserv\u00e1 por WhatsApp, llamanos o visitanos en Plaza Tempo. Comida saludable, deliciosa.\",\"breadcrumb\":{\"@id\":\"https:\/\/avogardencr.com\/contact\/#breadcrumb\"},\"inLanguage\":\"en-US\",\"potentialAction\":[{\"@type\":\"ReadAction\",\"target\":[\"https:\/\/avogardencr.com\/contact\/\"]}]},{\"@type\":\"BreadcrumbList\",\"@id\":\"https:\/\/avogardencr.com\/contact\/#breadcrumb\",\"itemListElement\":[{\"@type\":\"ListItem\",\"position\":1,\"name\":\"Home\",\"item\":\"https:\/\/avogardencr.com\/\"},{\"@type\":\"ListItem\",\"position\":2,\"name\":\"Contact\"}]},{\"@type\":\"WebSite\",\"@id\":\"https:\/\/avogardencr.com\/#website\",\"url\":\"https:\/\/avogardencr.com\/\",\"name\":\"AvoGarden\",\"description\":\"\",\"potentialAction\":[{\"@type\":\"SearchAction\",\"target\":{\"@type\":\"EntryPoint\",\"urlTemplate\":\"https:\/\/avogardencr.com\/?s={search_term_string}\"},\"query-input\":{\"@type\":\"PropertyValueSpecification\",\"valueRequired\":true,\"valueName\":\"search_term_string\"}}],\"inLanguage\":\"en-US\"}]}<\/script>\n<!-- \/ Yoast SEO plugin. -->","yoast_head_json":{"title":"Contacto | Restaurante en Escaz\u00fa | Avogarden Costa Rica","description":"Contact\u00e1 a Avogarden, restaurante en Escaz\u00fa. Reserv\u00e1 por WhatsApp, llamanos o visitanos en Plaza Tempo. Comida saludable, deliciosa.","robots":{"index":"index","follow":"follow","max-snippet":"max-snippet:-1","max-image-preview":"max-image-preview:large","max-video-preview":"max-video-preview:-1"},"canonical":"https:\/\/avogardencr.com\/en\/contact\/","og_locale":"en_US","og_type":"article","og_title":"Contacto | Restaurante en Escaz\u00fa | Avogarden Costa Rica","og_description":"Contact\u00e1 a Avogarden, restaurante en Escaz\u00fa. Reserv\u00e1 por WhatsApp, llamanos o visitanos en Plaza Tempo. Comida saludable, deliciosa.","og_url":"https:\/\/avogardencr.com\/en\/contact\/","og_site_name":"AvoGarden","article_modified_time":"2025-09-12T21:46:46+00:00","twitter_card":"summary_large_image","twitter_misc":{"Est. reading time":"1 minute"},"schema":{"@context":"https:\/\/schema.org","@graph":[{"@type":"WebPage","@id":"https:\/\/avogardencr.com\/contact\/","url":"https:\/\/avogardencr.com\/contact\/","name":"Contacto | Restaurante en Escaz\u00fa | Avogarden Costa Rica","isPartOf":{"@id":"https:\/\/avogardencr.com\/#website"},"datePublished":"2021-05-06T09:17:43+00:00","dateModified":"2025-09-12T21:46:46+00:00","description":"Contact\u00e1 a Avogarden, restaurante en Escaz\u00fa. Reserv\u00e1 por WhatsApp, llamanos o visitanos en Plaza Tempo. Comida saludable, deliciosa.","breadcrumb":{"@id":"https:\/\/avogardencr.com\/contact\/#breadcrumb"},"inLanguage":"en-US","potentialAction":[{"@type":"ReadAction","target":["https:\/\/avogardencr.com\/contact\/"]}]},{"@type":"BreadcrumbList","@id":"https:\/\/avogardencr.com\/contact\/#breadcrumb","itemListElement":[{"@type":"ListItem","position":1,"name":"Home","item":"https:\/\/avogardencr.com\/"},{"@type":"ListItem","position":2,"name":"Contact"}]},{"@type":"WebSite","@id":"https:\/\/avogardencr.com\/#website","url":"https:\/\/avogardencr.com\/","name":"AvoGarden","description":"","potentialAction":[{"@type":"SearchAction","target":{"@type":"EntryPoint","urlTemplate":"https:\/\/avogardencr.com\/?s={search_term_string}"},"query-input":{"@type":"PropertyValueSpecification","valueRequired":true,"valueName":"search_term_string"}}],"inLanguage":"en-US"}]}},"_links":{"self":[{"href":"https:\/\/avogardencr.com\/en\/wp-json\/wp\/v2\/pages\/624","targetHints":{"allow":["GET"]}}],"collection":[{"href":"https:\/\/avogardencr.com\/en\/wp-json\/wp\/v2\/pages"}],"about":[{"href":"https:\/\/avogardencr.com\/en\/wp-json\/wp\/v2\/types\/page"}],"author":[{"embeddable":true,"href":"https:\/\/avogardencr.com\/en\/wp-json\/wp\/v2\/users\/1"}],"replies":[{"embeddable":true,"href":"https:\/\/avogardencr.com\/en\/wp-json\/wp\/v2\/comments?post=624"}],"version-history":[{"count":29,"href":"https:\/\/avogardencr.com\/en\/wp-json\/wp\/v2\/pages\/624\/revisions"}],"predecessor-version":[{"id":3221,"href":"https:\/\/avogardencr.com\/en\/wp-json\/wp\/v2\/pages\/624\/revisions\/3221"}],"wp:attachment":[{"href":"https:\/\/avogardencr.com\/en\/wp-json\/wp\/v2\/media?parent=624"}],"curies":[{"name":"wp","href":"https:\/\/api.w.org\/{rel}","templated":true}]}}